{"id":11,"date":"2013-09-17T18:29:55","date_gmt":"2013-09-17T18:29:55","guid":{"rendered":"http:\/\/www.migrationist.com\/wp\/?page_id=11"},"modified":"2024-12-25T08:27:33","modified_gmt":"2024-12-25T08:27:33","slug":"other-projects","status":"publish","type":"page","link":"https:\/\/www.migrationist.com\/wp\/other-projects\/","title":{"rendered":"Audiovisual collaborations"},"content":{"rendered":"<p>Together with <a href=\"http:\/\/arnau.ruizdevilla.net\"><strong><span style=\"color: #339966;\">Arnau Ruiz de Villa<\/span><\/strong><\/a> (and thanks to his photographic, editting, and social skills),we have also produced visual material in the form of several <strong>photo reportages<\/strong> and two <strong>documentaries<\/strong>. They are visual reflections into specific ethnographic realities.<\/p>\n<hr \/>\n<h2><strong>DOCUMENTARIES<\/strong><\/h2>\n<p><span style=\"color: #339966;\"><strong><a style=\"color: #339966;\" href=\"https:\/\/www.youtube.com\/watch?v=UJe4iOjc-4k\">The Weight of Gold<\/a> <\/strong><\/span><\/p>\n<p>Long documentary about low-scale gold mining in the Andes. Available online at <a href=\"https:\/\/www.youtube.com\/watch?v=UJe4iOjc-4k\">YouTube\u00a0 (2010 CC (by-nc-nd<\/a>).\u00a0<a href=\"http:\/\/www.migrationist.com\/wp\/wp-content\/uploads\/2024\/07\/peso-del-oro.jpg\"><img loading=\"lazy\" decoding=\"async\" class=\"alignleft wp-image-876\" src=\"http:\/\/www.migrationist.com\/wp\/wp-content\/uploads\/2024\/07\/peso-del-oro-563x300.jpg\" alt=\"\" width=\"275\" height=\"147\" srcset=\"https:\/\/www.migrationist.com\/wp\/wp-content\/uploads\/2024\/07\/peso-del-oro-563x300.jpg 563w, https:\/\/www.migrationist.com\/wp\/wp-content\/uploads\/2024\/07\/peso-del-oro-1024x546.jpg 1024w, https:\/\/www.migrationist.com\/wp\/wp-content\/uploads\/2024\/07\/peso-del-oro-768x410.jpg 768w, https:\/\/www.migrationist.com\/wp\/wp-content\/uploads\/2024\/07\/peso-del-oro-624x333.jpg 624w, https:\/\/www.migrationist.com\/wp\/wp-content\/uploads\/2024\/07\/peso-del-oro.jpg 1174w\" sizes=\"auto, (max-width: 275px) 100vw, 275px\" \/><\/a><\/p>\n<p>What is gold? What is mining?<\/p>\n<p>For some, it is related to jewellery and luxury. For others, it is all about investment and geo-political interests. For others, it means history and war, pollution and food security&#8230; But gold and mining can also be part of your routine, your work, simply your own life. This documentary looks at the lives of those others who show us how much gold and mining weigh on the lives of so many people and generations.<\/p>\n<p>With the collaboration of S\u00edlvia Le\u00f3n, Juan Cordero, Menthor S\u00e1nchez, Gilberto Jara, Gl\u00f3ria Chicaiza, Milton Maldonado, Borja family, Diana M. Codesal, Erik Rodas, Marta Ramos, the cultural direction of the Central Bank of Ecuador, the Museum of Aboriginal Cultures of Cuenca, and the Royal Library of Copenhagen.<\/p>\n<p><strong><strong><a href=\"https:\/\/www.youtube.com\/watch?v=3kCd3w7aBCg\"><span style=\"color: #339966;\">Opportunities in the Highlands<\/span><\/a><br \/>\n<\/strong> <\/strong>Short documentary about education. <a href=\"https:\/\/www.youtube.com\/watch?v=3kCd3w7aBCg\">Short-listed in the 2009 Oxfam Actua Film Festival<\/a><\/p>\n<p><a href=\"http:\/\/www.migrationist.com\/wp\/wp-content\/uploads\/2024\/07\/Oportunidades.jpg\"><img loading=\"lazy\" decoding=\"async\" class=\"aligncenter size-full wp-image-895\" src=\"http:\/\/www.migrationist.com\/wp\/wp-content\/uploads\/2024\/07\/Oportunidades.jpg\" alt=\"\" width=\"488\" height=\"235\" \/><\/a><\/p>\n<hr \/>\n<h2><strong>PHOTOGRAPHIC REPORTAGES<\/strong><\/h2>\n<p><span style=\"color: #339966;\"><strong>Ecos Andinos<\/strong><\/span><\/p>\n<p>&nbsp;<\/p>\n<p><span style=\"color: #339966;\"><strong>La Yoni<\/strong><\/span><\/p>\n<p>&nbsp;<\/p>\n<p><span style=\"color: #339966;\"><strong>Atropar hierba in a Cantabria Valley<\/strong><\/span><\/p>\n<p>&nbsp;<\/p>\n<p><a href=\"http:\/\/www.migrationist.com\/wp\/wp-content\/uploads\/2024\/07\/MG_3651.jpg\"><img loading=\"lazy\" decoding=\"async\" class=\"aligncenter size-medium wp-image-881\" src=\"http:\/\/www.migrationist.com\/wp\/wp-content\/uploads\/2024\/07\/MG_3651-450x300.jpg\" alt=\"\" width=\"450\" height=\"300\" srcset=\"https:\/\/www.migrationist.com\/wp\/wp-content\/uploads\/2024\/07\/MG_3651-450x300.jpg 450w, https:\/\/www.migrationist.com\/wp\/wp-content\/uploads\/2024\/07\/MG_3651-1024x683.jpg 1024w, https:\/\/www.migrationist.com\/wp\/wp-content\/uploads\/2024\/07\/MG_3651-768x512.jpg 768w, https:\/\/www.migrationist.com\/wp\/wp-content\/uploads\/2024\/07\/MG_3651-624x416.jpg 624w, https:\/\/www.migrationist.com\/wp\/wp-content\/uploads\/2024\/07\/MG_3651.jpg 1536w\" sizes=\"auto, (max-width: 450px) 100vw, 450px\" \/><\/a><a href=\"http:\/\/www.migrationist.com\/wp\/wp-content\/uploads\/2024\/07\/MG_3665-rotated.jpg\"><img loading=\"lazy\" decoding=\"async\" class=\"aligncenter size-medium wp-image-882\" src=\"http:\/\/www.migrationist.com\/wp\/wp-content\/uploads\/2024\/07\/MG_3665-200x300.jpg\" alt=\"\" width=\"200\" height=\"300\" srcset=\"https:\/\/www.migrationist.com\/wp\/wp-content\/uploads\/2024\/07\/MG_3665-200x300.jpg 200w, https:\/\/www.migrationist.com\/wp\/wp-content\/uploads\/2024\/07\/MG_3665-683x1024.jpg 683w, https:\/\/www.migrationist.com\/wp\/wp-content\/uploads\/2024\/07\/MG_3665-768x1152.jpg 768w, https:\/\/www.migrationist.com\/wp\/wp-content\/uploads\/2024\/07\/MG_3665-624x936.jpg 624w, https:\/\/www.migrationist.com\/wp\/wp-content\/uploads\/2024\/07\/MG_3665-rotated.jpg 1024w\" sizes=\"auto, (max-width: 200px) 100vw, 200px\" \/><\/a><a href=\"http:\/\/www.migrationist.com\/wp\/wp-content\/uploads\/2024\/07\/MG_3676.jpg\"><img loading=\"lazy\" decoding=\"async\" class=\"aligncenter size-medium wp-image-883\" src=\"http:\/\/www.migrationist.com\/wp\/wp-content\/uploads\/2024\/07\/MG_3676-450x300.jpg\" alt=\"\" width=\"450\" height=\"300\" srcset=\"https:\/\/www.migrationist.com\/wp\/wp-content\/uploads\/2024\/07\/MG_3676-450x300.jpg 450w, https:\/\/www.migrationist.com\/wp\/wp-content\/uploads\/2024\/07\/MG_3676-1024x683.jpg 1024w, https:\/\/www.migrationist.com\/wp\/wp-content\/uploads\/2024\/07\/MG_3676-768x512.jpg 768w, https:\/\/www.migrationist.com\/wp\/wp-content\/uploads\/2024\/07\/MG_3676-624x416.jpg 624w, https:\/\/www.migrationist.com\/wp\/wp-content\/uploads\/2024\/07\/MG_3676.jpg 1536w\" sizes=\"auto, (max-width: 450px) 100vw, 450px\" \/><\/a><a href=\"http:\/\/www.migrationist.com\/wp\/wp-content\/uploads\/2024\/07\/MG_3883-scaled.jpg\"><img loading=\"lazy\" decoding=\"async\" class=\"aligncenter size-medium wp-image-884\" src=\"http:\/\/www.migrationist.com\/wp\/wp-content\/uploads\/2024\/07\/MG_3883-450x300.jpg\" alt=\"\" width=\"450\" height=\"300\" srcset=\"https:\/\/www.migrationist.com\/wp\/wp-content\/uploads\/2024\/07\/MG_3883-450x300.jpg 450w, https:\/\/www.migrationist.com\/wp\/wp-content\/uploads\/2024\/07\/MG_3883-1024x683.jpg 1024w, https:\/\/www.migrationist.com\/wp\/wp-content\/uploads\/2024\/07\/MG_3883-768x512.jpg 768w, https:\/\/www.migrationist.com\/wp\/wp-content\/uploads\/2024\/07\/MG_3883-1536x1024.jpg 1536w, https:\/\/www.migrationist.com\/wp\/wp-content\/uploads\/2024\/07\/MG_3883-2048x1365.jpg 2048w, https:\/\/www.migrationist.com\/wp\/wp-content\/uploads\/2024\/07\/MG_3883-624x416.jpg 624w\" sizes=\"auto, (max-width: 450px) 100vw, 450px\" \/><\/a><a href=\"http:\/\/www.migrationist.com\/wp\/wp-content\/uploads\/2024\/07\/MG_3893-scaled.jpg\"><img loading=\"lazy\" decoding=\"async\" class=\"aligncenter size-medium wp-image-885\" src=\"http:\/\/www.migrationist.com\/wp\/wp-content\/uploads\/2024\/07\/MG_3893-450x300.jpg\" alt=\"\" width=\"450\" height=\"300\" srcset=\"https:\/\/www.migrationist.com\/wp\/wp-content\/uploads\/2024\/07\/MG_3893-450x300.jpg 450w, https:\/\/www.migrationist.com\/wp\/wp-content\/uploads\/2024\/07\/MG_3893-1024x683.jpg 1024w, https:\/\/www.migrationist.com\/wp\/wp-content\/uploads\/2024\/07\/MG_3893-768x512.jpg 768w, https:\/\/www.migrationist.com\/wp\/wp-content\/uploads\/2024\/07\/MG_3893-1536x1024.jpg 1536w, https:\/\/www.migrationist.com\/wp\/wp-content\/uploads\/2024\/07\/MG_3893-2048x1365.jpg 2048w, https:\/\/www.migrationist.com\/wp\/wp-content\/uploads\/2024\/07\/MG_3893-624x416.jpg 624w\" sizes=\"auto, (max-width: 450px) 100vw, 450px\" \/><\/a><a href=\"http:\/\/www.migrationist.com\/wp\/wp-content\/uploads\/2024\/07\/MG_3924.jpg\"><img loading=\"lazy\" decoding=\"async\" class=\"aligncenter size-medium wp-image-886\" src=\"http:\/\/www.migrationist.com\/wp\/wp-content\/uploads\/2024\/07\/MG_3924-450x300.jpg\" alt=\"\" width=\"450\" height=\"300\" srcset=\"https:\/\/www.migrationist.com\/wp\/wp-content\/uploads\/2024\/07\/MG_3924-450x300.jpg 450w, https:\/\/www.migrationist.com\/wp\/wp-content\/uploads\/2024\/07\/MG_3924-1024x683.jpg 1024w, https:\/\/www.migrationist.com\/wp\/wp-content\/uploads\/2024\/07\/MG_3924-768x512.jpg 768w, https:\/\/www.migrationist.com\/wp\/wp-content\/uploads\/2024\/07\/MG_3924-624x416.jpg 624w, https:\/\/www.migrationist.com\/wp\/wp-content\/uploads\/2024\/07\/MG_3924.jpg 1536w\" sizes=\"auto, (max-width: 450px) 100vw, 450px\" \/><\/a><a href=\"http:\/\/www.migrationist.com\/wp\/wp-content\/uploads\/2024\/07\/MG_3934.jpg\"><img loading=\"lazy\" decoding=\"async\" class=\"aligncenter size-medium wp-image-887\" src=\"http:\/\/www.migrationist.com\/wp\/wp-content\/uploads\/2024\/07\/MG_3934-450x300.jpg\" alt=\"\" width=\"450\" height=\"300\" srcset=\"https:\/\/www.migrationist.com\/wp\/wp-content\/uploads\/2024\/07\/MG_3934-450x300.jpg 450w, https:\/\/www.migrationist.com\/wp\/wp-content\/uploads\/2024\/07\/MG_3934-1024x683.jpg 1024w, https:\/\/www.migrationist.com\/wp\/wp-content\/uploads\/2024\/07\/MG_3934-768x512.jpg 768w, https:\/\/www.migrationist.com\/wp\/wp-content\/uploads\/2024\/07\/MG_3934-624x416.jpg 624w, https:\/\/www.migrationist.com\/wp\/wp-content\/uploads\/2024\/07\/MG_3934.jpg 1536w\" sizes=\"auto, (max-width: 450px) 100vw, 450px\" \/><\/a><a href=\"http:\/\/www.migrationist.com\/wp\/wp-content\/uploads\/2024\/07\/MG_3936.jpg\"><img loading=\"lazy\" decoding=\"async\" class=\"aligncenter size-medium wp-image-888\" src=\"http:\/\/www.migrationist.com\/wp\/wp-content\/uploads\/2024\/07\/MG_3936-450x300.jpg\" alt=\"\" width=\"450\" height=\"300\" srcset=\"https:\/\/www.migrationist.com\/wp\/wp-content\/uploads\/2024\/07\/MG_3936-450x300.jpg 450w, https:\/\/www.migrationist.com\/wp\/wp-content\/uploads\/2024\/07\/MG_3936-1024x683.jpg 1024w, https:\/\/www.migrationist.com\/wp\/wp-content\/uploads\/2024\/07\/MG_3936-768x512.jpg 768w, https:\/\/www.migrationist.com\/wp\/wp-content\/uploads\/2024\/07\/MG_3936-624x416.jpg 624w, https:\/\/www.migrationist.com\/wp\/wp-content\/uploads\/2024\/07\/MG_3936.jpg 1536w\" sizes=\"auto, (max-width: 450px) 100vw, 450px\" \/><\/a><a href=\"http:\/\/www.migrationist.com\/wp\/wp-content\/uploads\/2024\/07\/MG_3967.jpg\"><img loading=\"lazy\" decoding=\"async\" class=\"aligncenter size-medium wp-image-889\" src=\"http:\/\/www.migrationist.com\/wp\/wp-content\/uploads\/2024\/07\/MG_3967-450x300.jpg\" alt=\"\" width=\"450\" height=\"300\" srcset=\"https:\/\/www.migrationist.com\/wp\/wp-content\/uploads\/2024\/07\/MG_3967-450x300.jpg 450w, https:\/\/www.migrationist.com\/wp\/wp-content\/uploads\/2024\/07\/MG_3967-1024x683.jpg 1024w, https:\/\/www.migrationist.com\/wp\/wp-content\/uploads\/2024\/07\/MG_3967-768x512.jpg 768w, https:\/\/www.migrationist.com\/wp\/wp-content\/uploads\/2024\/07\/MG_3967-624x416.jpg 624w, https:\/\/www.migrationist.com\/wp\/wp-content\/uploads\/2024\/07\/MG_3967.jpg 1536w\" sizes=\"auto, (max-width: 450px) 100vw, 450px\" \/><\/a><a href=\"http:\/\/www.migrationist.com\/wp\/wp-content\/uploads\/2024\/07\/MG_3977-rotated.jpg\"><img loading=\"lazy\" decoding=\"async\" class=\"aligncenter size-medium wp-image-890\" src=\"http:\/\/www.migrationist.com\/wp\/wp-content\/uploads\/2024\/07\/MG_3977-200x300.jpg\" alt=\"\" width=\"200\" height=\"300\" srcset=\"https:\/\/www.migrationist.com\/wp\/wp-content\/uploads\/2024\/07\/MG_3977-200x300.jpg 200w, https:\/\/www.migrationist.com\/wp\/wp-content\/uploads\/2024\/07\/MG_3977-683x1024.jpg 683w, https:\/\/www.migrationist.com\/wp\/wp-content\/uploads\/2024\/07\/MG_3977-768x1152.jpg 768w, https:\/\/www.migrationist.com\/wp\/wp-content\/uploads\/2024\/07\/MG_3977-624x936.jpg 624w, https:\/\/www.migrationist.com\/wp\/wp-content\/uploads\/2024\/07\/MG_3977-rotated.jpg 1024w\" sizes=\"auto, (max-width: 200px) 100vw, 200px\" \/><\/a><a href=\"http:\/\/www.migrationist.com\/wp\/wp-content\/uploads\/2024\/07\/MG_3981.jpg\"><img loading=\"lazy\" decoding=\"async\" class=\"aligncenter size-medium wp-image-891\" src=\"http:\/\/www.migrationist.com\/wp\/wp-content\/uploads\/2024\/07\/MG_3981-450x300.jpg\" alt=\"\" width=\"450\" height=\"300\" srcset=\"https:\/\/www.migrationist.com\/wp\/wp-content\/uploads\/2024\/07\/MG_3981-450x300.jpg 450w, https:\/\/www.migrationist.com\/wp\/wp-content\/uploads\/2024\/07\/MG_3981-1024x683.jpg 1024w, https:\/\/www.migrationist.com\/wp\/wp-content\/uploads\/2024\/07\/MG_3981-768x512.jpg 768w, https:\/\/www.migrationist.com\/wp\/wp-content\/uploads\/2024\/07\/MG_3981-624x416.jpg 624w, https:\/\/www.migrationist.com\/wp\/wp-content\/uploads\/2024\/07\/MG_3981.jpg 1536w\" sizes=\"auto, (max-width: 450px) 100vw, 450px\" \/><\/a><a href=\"http:\/\/www.migrationist.com\/wp\/wp-content\/uploads\/2024\/07\/MG_4049.jpg\"><img loading=\"lazy\" decoding=\"async\" class=\"aligncenter size-medium wp-image-892\" src=\"http:\/\/www.migrationist.com\/wp\/wp-content\/uploads\/2024\/07\/MG_4049-450x300.jpg\" alt=\"\" width=\"450\" height=\"300\" srcset=\"https:\/\/www.migrationist.com\/wp\/wp-content\/uploads\/2024\/07\/MG_4049-450x300.jpg 450w, https:\/\/www.migrationist.com\/wp\/wp-content\/uploads\/2024\/07\/MG_4049-1024x683.jpg 1024w, https:\/\/www.migrationist.com\/wp\/wp-content\/uploads\/2024\/07\/MG_4049-768x512.jpg 768w, https:\/\/www.migrationist.com\/wp\/wp-content\/uploads\/2024\/07\/MG_4049-624x416.jpg 624w, https:\/\/www.migrationist.com\/wp\/wp-content\/uploads\/2024\/07\/MG_4049.jpg 1536w\" sizes=\"auto, (max-width: 450px) 100vw, 450px\" \/><\/a><a href=\"http:\/\/www.migrationist.com\/wp\/wp-content\/uploads\/2024\/07\/MG_4051-rotated.jpg\"><img loading=\"lazy\" decoding=\"async\" class=\"aligncenter size-medium wp-image-893\" src=\"http:\/\/www.migrationist.com\/wp\/wp-content\/uploads\/2024\/07\/MG_4051-200x300.jpg\" alt=\"\" width=\"200\" height=\"300\" srcset=\"https:\/\/www.migrationist.com\/wp\/wp-content\/uploads\/2024\/07\/MG_4051-200x300.jpg 200w, https:\/\/www.migrationist.com\/wp\/wp-content\/uploads\/2024\/07\/MG_4051-683x1024.jpg 683w, https:\/\/www.migrationist.com\/wp\/wp-content\/uploads\/2024\/07\/MG_4051-768x1152.jpg 768w, https:\/\/www.migrationist.com\/wp\/wp-content\/uploads\/2024\/07\/MG_4051-624x936.jpg 624w, https:\/\/www.migrationist.com\/wp\/wp-content\/uploads\/2024\/07\/MG_4051-rotated.jpg 1024w\" sizes=\"auto, (max-width: 200px) 100vw, 200px\" \/><\/a><\/p>\n<p><span style=\"color: #339966;\"><strong>C\u00e1mara a cuestas 2015: Miradas que transforman<\/strong><\/span><\/p>\n<p>Proyecto participativo de fotovoz con mujeres migradas en Bilbao: <a title=\"Camara a Cuestas\" href=\"https:\/\/camaraacuestas2015.wordpress.com\/\" target=\"_blank\" rel=\"noopener noreferrer\">https:\/\/camaraacuestas2015.wordpress.com\/<\/a><\/p>\n<p><a href=\"https:\/\/camaraacuestas2015.wordpress.com\/\" target=\"_blank\" rel=\"noopener noreferrer\"><img loading=\"lazy\" decoding=\"async\" class=\"wp-image-277 alignnone\" src=\"http:\/\/www.migrationist.com\/wp\/wp-content\/uploads\/2013\/09\/Con-la-c\u00e1mara-a-cuestas-062015.jpg\" alt=\"Con-la-c\u00e1mara-a-cuestas-062015\" width=\"534\" height=\"312\" \/><\/a><\/p>\n","protected":false},"excerpt":{"rendered":"<p>Together with Arnau Ruiz de Villa (and thanks to his photographic, editting, and social skills),we have also produced visual material in the form of several photo reportages and two documentaries. They are visual reflections into specific ethnographic realities. DOCUMENTARIES The Weight of Gold Long documentary about low-scale gold mining in the Andes. Available online at [&hellip;]<\/p>\n","protected":false},"author":1,"featured_media":0,"parent":0,"menu_order":3,"comment_status":"closed","ping_status":"closed","template":"","meta":{"footnotes":""},"class_list":["post-11","page","type-page","status-publish","hentry"],"_links":{"self":[{"href":"https:\/\/www.migrationist.com\/wp\/wp-json\/wp\/v2\/pages\/11","targetHints":{"allow":["GET"]}}],"collection":[{"href":"https:\/\/www.migrationist.com\/wp\/wp-json\/wp\/v2\/pages"}],"about":[{"href":"https:\/\/www.migrationist.com\/wp\/wp-json\/wp\/v2\/types\/page"}],"author":[{"embeddable":true,"href":"https:\/\/www.migrationist.com\/wp\/wp-json\/wp\/v2\/users\/1"}],"replies":[{"embeddable":true,"href":"https:\/\/www.migrationist.com\/wp\/wp-json\/wp\/v2\/comments?post=11"}],"version-history":[{"count":23,"href":"https:\/\/www.migrationist.com\/wp\/wp-json\/wp\/v2\/pages\/11\/revisions"}],"predecessor-version":[{"id":897,"href":"https:\/\/www.migrationist.com\/wp\/wp-json\/wp\/v2\/pages\/11\/revisions\/897"}],"wp:attachment":[{"href":"https:\/\/www.migrationist.com\/wp\/wp-json\/wp\/v2\/media?parent=11"}],"curies":[{"name":"wp","href":"https:\/\/api.w.org\/{rel}","templated":true}]}}